{"id":8449,"date":"2025-04-24T16:53:49","date_gmt":"2025-04-24T16:53:49","guid":{"rendered":"https:\/\/tagaeditore.com\/accessibility-statement\/"},"modified":"2025-06-21T10:36:08","modified_gmt":"2025-06-21T08:36:08","slug":"dichiarazione-di-accessibilita","status":"publish","type":"page","link":"https:\/\/tagaeditore.com\/?page_id=8449","title":{"rendered":"Dichiarazione di accessibilit\u00e0"},"content":{"rendered":"\t\t<div data-elementor-type=\"wp-page\" data-elementor-id=\"8449\" class=\"elementor elementor-8449\" data-elementor-post-type=\"page\">\n\t\t\t\t<div class=\"elementor-element elementor-element-0c5b4d5 e-flex e-con-boxed e-con e-parent\" data-id=\"0c5b4d5\" data-element_type=\"container\" data-e-type=\"container\" data-settings=\"{&quot;background_background&quot;:&quot;classic&quot;}\">\n\t\t\t\t\t<div class=\"e-con-inner\">\n\t\t\t\t<div class=\"elementor-element elementor-element-1c2bb8d elementor-widget elementor-widget-heading\" data-id=\"1c2bb8d\" data-element_type=\"widget\" data-e-type=\"widget\" data-widget_type=\"heading.default\">\n\t\t\t\t<div class=\"elementor-widget-container\">\n\t\t\t\t\t<h2 class=\"elementor-heading-title elementor-size-default\">Dichiarazione di accessibilit\u00e0<\/h2>\t\t\t\t<\/div>\n\t\t\t\t<\/div>\n\t\t\t\t<div class=\"elementor-element elementor-element-0988bd4 elementor-widget elementor-widget-heading\" data-id=\"0988bd4\" data-element_type=\"widget\" data-e-type=\"widget\" data-widget_type=\"heading.default\">\n\t\t\t\t<div class=\"elementor-widget-container\">\n\t\t\t\t\t<h2 class=\"elementor-heading-title elementor-size-default\">tagaeditore.com<\/h2>\t\t\t\t<\/div>\n\t\t\t\t<\/div>\n\t\t\t\t\t<\/div>\n\t\t\t\t<\/div>\n\t\t<div class=\"elementor-element elementor-element-115946d e-flex e-con-boxed e-con e-parent\" data-id=\"115946d\" data-element_type=\"container\" data-e-type=\"container\" data-settings=\"{&quot;background_background&quot;:&quot;classic&quot;}\">\n\t\t\t\t\t<div class=\"e-con-inner\">\n\t\t\t\t<div class=\"elementor-element elementor-element-39dd4b4 elementor-invisible elementor-widget elementor-widget-text-editor\" data-id=\"39dd4b4\" data-element_type=\"widget\" data-e-type=\"widget\" data-settings=\"{&quot;_animation&quot;:&quot;fadeIn&quot;}\" data-widget_type=\"text-editor.default\">\n\t\t\t\t<div class=\"elementor-widget-container\">\n\t\t\t\t\t\t\t\t\t<p><strong>Taga Editore S.r.l.<\/strong> si impegna a rendere il proprio sito web accessibile, in conformit\u00e0 con le <strong>Web Content Accessibility Guidelines (WCAG) 2.1 \u2013 livello AA<\/strong> e tenendo conto dei principi dell\u2019<strong>European Accessibility Act (EAA)<\/strong>, in vigore dal 28 giugno 2025.<\/p><h4>\u00a0<\/h4><h4><strong>Ambito di applicazione<\/strong><\/h4><p>La presente dichiarazione si applica al sito web: <a href=\"https:\/\/www.tagaeditore.com\"><strong>www.tagaeditore.com<\/strong><\/a><\/p><h4>\u00a0<\/h4><h4><strong>Stato di conformit\u00e0<\/strong><\/h4><p>Il sito \u00e8 <strong>parzialmente conforme<\/strong> ai requisiti previsti dall\u2019appendice A della norma <strong>UNI EN 301549:2018<\/strong> (che recepisce le WCAG 2.1 &#8211; livello AA), a causa delle limitazioni elencate nella sezione seguente.<\/p><p>Nel corso dello sviluppo sono stati adottati diversi accorgimenti per garantire un\u2019esperienza quanto pi\u00f9 inclusiva possibile, tra cui:<\/p><ul><li>utilizzo di un linguaggio chiaro e comprensibile;<\/li><li>layout responsive per dispositivi mobili;<\/li><li>navigabilit\u00e0 da tastiera e con screen reader;<\/li><li>struttura semantica coerente;<\/li><li>verifica tramite strumenti automatici e test manuali;<\/li><li>descrizioni alternative per immagini rilevanti.<\/li><\/ul><h4>\u00a0<\/h4><h4><strong>Contenuti non accessibili<\/strong><\/h4><p>Nonostante l\u2019impegno continuo, alcune parti del sito potrebbero non risultare pienamente accessibili, in particolare:<\/p><ul><li>In alcune sezioni, i rapporti di contrasto tra testo e sfondo potrebbero non rispettare completamente i requisiti minimi WCAG AA.<\/li><li>Alcuni documenti PDF scaricabili potrebbero non essere completamente compatibili con le tecnologie assistive.<\/li><li>Eventuali video incorporati da terze parti potrebbero non disporre di sottotitoli o trascrizioni.<\/li><li>Alcuni moduli presenti nel sito potrebbero necessitare di ulteriori ottimizzazioni per garantire la massima compatibilit\u00e0 con le tecnologie assistive.<\/li><li>Elementi dinamici o interattivi: alcune funzioni avanzate potrebbero necessitare ulteriori miglioramenti per garantire la completa compatibilit\u00e0 con le tecnologie assistive.<\/li><\/ul><p>Stiamo lavorando per migliorare costantemente queste aree e garantire la migliore accessibilit\u00e0 possibile.<\/p><h4>\u00a0<\/h4><h4><strong>Recepimento dell\u2019European Accessibility Act (EAA)<\/strong><\/h4><p>Il sito \u00e8 progettato tenendo conto delle disposizioni previste dall\u2019<strong>European Accessibility Act<\/strong>, in vigore dal <strong>28 giugno 2025<\/strong>, in particolare per garantire:<\/p><ul><li>interoperabilit\u00e0 con tecnologie assistive;<\/li><li>facilitazione della comprensione e compilazione di contenuti e moduli;<\/li><li>supporto all\u2019accesso per utenti con disabilit\u00e0 visive, motorie, uditive o cognitive.<\/li><\/ul><p>La dichiarazione verr\u00e0 aggiornata regolarmente in base a evoluzioni tecniche e normative.<\/p><h4>\u00a0<\/h4><h4><strong>Redazione della dichiarazione<\/strong><\/h4><p>Data di redazione: <strong>21 giugno 2025<\/strong><\/p><p>Metodo di valutazione: <strong>Autovalutazione interna<\/strong> tramite strumenti automatici, test manuali e revisione tecnica.<\/p><h4>\u00a0<\/h4><h4><strong>Feedback e contatti<\/strong><\/h4><p>Ci impegniamo ad accogliere segnalazioni e suggerimenti per migliorare ulteriormente l\u2019accessibilit\u00e0 del sito.<br \/>Per eventuali comunicazioni, puoi scriverci a: <a href=\"mailto:info@tagaeditore.com\"><strong>info@tagaeditore.com<\/strong><\/a><br \/>Risponderemo entro <strong>15 giorni lavorativi<\/strong>.<\/p><h4>\u00a0<\/h4><h4><strong>Informazioni tecniche<\/strong><\/h4><p>CMS utilizzato: <strong>WordPress.<\/strong><\/p><p>Il sito \u00e8 stato progettato e sviluppato con il supporto di professionisti esterni.<\/p>\t\t\t\t\t\t\t\t<\/div>\n\t\t\t\t<\/div>\n\t\t\t\t\t<\/div>\n\t\t\t\t<\/div>\n\t\t<div class=\"elementor-element elementor-element-977329e elementor-hidden-desktop elementor-hidden-tablet elementor-hidden-mobile e-flex e-con-boxed e-con e-parent\" data-id=\"977329e\" data-element_type=\"container\" data-e-type=\"container\" data-settings=\"{&quot;background_background&quot;:&quot;classic&quot;}\">\n\t\t\t\t\t<div class=\"e-con-inner\">\n\t\t\t\t<div class=\"elementor-element elementor-element-da59341 elementor-invisible elementor-widget elementor-widget-text-editor\" data-id=\"da59341\" data-element_type=\"widget\" data-e-type=\"widget\" data-settings=\"{&quot;_animation&quot;:&quot;fadeIn&quot;}\" data-widget_type=\"text-editor.default\">\n\t\t\t\t<div class=\"elementor-widget-container\">\n\t\t\t\t\t\t\t\t\t<p>Ci impegniamo a garantire l&#8217;accessibilit\u00e0 digitale per le persone con disabilit\u00e0. Miglioriamo costantemente l&#8217;esperienza utente per tutti, applicando gli standard di accessibilit\u00e0 pertinenti.<\/p><p><strong>Stato di conformit\u00e0<\/strong><\/p><p>Le Linee guida per l&#8217;accessibilit\u00e0 dei contenuti web (WCAG) definiscono i requisiti per migliorare l&#8217;accessibilit\u00e0 dei siti web, con tre livelli di conformit\u00e0: Livello A, Livello AA e Livello AAA.<\/p><p>Noi di Taga Editore srl stiamo facendo sforzi costanti per rendere il sito e i nostri servizi accessibili, nella convinzione che sia una responsabilit\u00e0 morale collettiva permettere un utilizzo fluido, accessibile e privo di ostacoli anche per chi ha disabilit\u00e0.<\/p><p>Il nostro obiettivo \u00e8 rendere tutte le pagine e i contenuti su tagaeditore.com accessibili. Tuttavia, alcuni contenuti potrebbero non soddisfare ancora pienamente i pi\u00f9 elevati standard di accessibilit\u00e0, a causa di difficolt\u00e0 tecniche o della complessit\u00e0 nel trovare soluzioni adeguate.<\/p><p>Potremmo rivedere periodicamente questa dichiarazione per riflettere miglioramenti o modifiche nelle pratiche di accessibilit\u00e0 adottate.<\/p><p><strong>Feedback<\/strong><\/p><p>Accogliamo con piacere eventuali segnalazioni o suggerimenti sull\u2019accessibilit\u00e0 del nostro sito. Se riscontri barriere nella navigazione, puoi contattarci:<\/p><p>Email: <strong>info@tagaeditore.com<\/strong><br \/>Rispondiamo entro: 3\u20135 giorni lavorativi<\/p><p><strong>Data di pubblicazione<\/strong><\/p><p>Questa dichiarazione \u00e8 stata redatta il 28\/04\/2025.<\/p>\t\t\t\t\t\t\t\t<\/div>\n\t\t\t\t<\/div>\n\t\t\t\t\t<\/div>\n\t\t\t\t<\/div>\n\t\t\t\t<\/div>\n\t\t","protected":false},"excerpt":{"rendered":"<p>Dichiarazione di accessibilit\u00e0 tagaeditore.com Taga Editore S.r.l. si impegna a rendere il proprio sito web accessibile, in conformit\u00e0 con le Web Content Accessibility Guidelines (WCAG) 2.1 \u2013 livello AA e tenendo conto dei principi dell\u2019European Accessibility Act (EAA), in vigore dal 28 giugno 2025. \u00a0 Ambito di applicazione La presente dichiarazione si applica al sito [&hellip;]<\/p>\n","protected":false},"author":1,"featured_media":0,"parent":0,"menu_order":0,"comment_status":"closed","ping_status":"closed","template":"","meta":{"_acf_changed":false,"footnotes":""},"class_list":["post-8449","page","type-page","status-publish","hentry"],"acf":[],"yoast_head":"<!-- This site is optimized with the Yoast SEO plugin v27.0 - https:\/\/yoast.com\/product\/yoast-seo-wordpress\/ -->\n<title>Dichiarazione di accessibilit\u00e0 - Taga Editore<\/title>\n<meta name=\"robots\" content=\"noindex, nofollow\" \/>\n<meta property=\"og:locale\" content=\"it_IT\" \/>\n<meta property=\"og:type\" content=\"article\" \/>\n<meta property=\"og:title\" content=\"Dichiarazione di accessibilit\u00e0 - Taga Editore\" \/>\n<meta property=\"og:description\" content=\"Dichiarazione di accessibilit\u00e0 tagaeditore.com Taga Editore S.r.l. si impegna a rendere il proprio sito web accessibile, in conformit\u00e0 con le Web Content Accessibility Guidelines (WCAG) 2.1 \u2013 livello AA e tenendo conto dei principi dell\u2019European Accessibility Act (EAA), in vigore dal 28 giugno 2025. \u00a0 Ambito di applicazione La presente dichiarazione si applica al sito [&hellip;]\" \/>\n<meta property=\"og:url\" content=\"https:\/\/tagaeditore.com\/?page_id=8449\" \/>\n<meta property=\"og:site_name\" content=\"Taga Editore\" \/>\n<meta property=\"article:publisher\" content=\"https:\/\/www.facebook.com\/profile.php?id=61572467403444\" \/>\n<meta property=\"article:modified_time\" content=\"2025-06-21T08:36:08+00:00\" \/>\n<meta property=\"og:image\" content=\"https:\/\/tagaeditore.com\/wp-content\/uploads\/2025\/01\/Primario-color.png\" \/>\n\t<meta property=\"og:image:width\" content=\"516\" \/>\n\t<meta property=\"og:image:height\" content=\"258\" \/>\n\t<meta property=\"og:image:type\" content=\"image\/png\" \/>\n<meta name=\"twitter:card\" content=\"summary_large_image\" \/>\n<meta name=\"twitter:label1\" content=\"Tempo di lettura stimato\" \/>\n\t<meta name=\"twitter:data1\" content=\"4 minuti\" \/>\n<script type=\"application\/ld+json\" class=\"yoast-schema-graph\">{\"@context\":\"https:\/\/schema.org\",\"@graph\":[{\"@type\":\"WebPage\",\"@id\":\"https:\/\/tagaeditore.com\/?page_id=8449\",\"url\":\"https:\/\/tagaeditore.com\/?page_id=8449\",\"name\":\"Dichiarazione di accessibilit\u00e0 - Taga Editore\",\"isPartOf\":{\"@id\":\"https:\/\/tagaeditore.com\/#website\"},\"datePublished\":\"2025-04-24T16:53:49+00:00\",\"dateModified\":\"2025-06-21T08:36:08+00:00\",\"breadcrumb\":{\"@id\":\"https:\/\/tagaeditore.com\/?page_id=8449#breadcrumb\"},\"inLanguage\":\"it-IT\",\"potentialAction\":[{\"@type\":\"ReadAction\",\"target\":[\"https:\/\/tagaeditore.com\/?page_id=8449\"]}]},{\"@type\":\"BreadcrumbList\",\"@id\":\"https:\/\/tagaeditore.com\/?page_id=8449#breadcrumb\",\"itemListElement\":[{\"@type\":\"ListItem\",\"position\":1,\"name\":\"Home\",\"item\":\"https:\/\/tagaeditore.com\/\"},{\"@type\":\"ListItem\",\"position\":2,\"name\":\"Dichiarazione di accessibilit\u00e0\"}]},{\"@type\":\"WebSite\",\"@id\":\"https:\/\/tagaeditore.com\/#website\",\"url\":\"https:\/\/tagaeditore.com\/\",\"name\":\"Taga Editore\",\"description\":\"Dove le parole trovano il loro senso\",\"publisher\":{\"@id\":\"https:\/\/tagaeditore.com\/#organization\"},\"alternateName\":\"Taga Editore\",\"potentialAction\":[{\"@type\":\"SearchAction\",\"target\":{\"@type\":\"EntryPoint\",\"urlTemplate\":\"https:\/\/tagaeditore.com\/?s={search_term_string}\"},\"query-input\":{\"@type\":\"PropertyValueSpecification\",\"valueRequired\":true,\"valueName\":\"search_term_string\"}}],\"inLanguage\":\"it-IT\"},{\"@type\":\"Organization\",\"@id\":\"https:\/\/tagaeditore.com\/#organization\",\"name\":\"Taga Editore\",\"alternateName\":\"Taga Editore\",\"url\":\"https:\/\/tagaeditore.com\/\",\"logo\":{\"@type\":\"ImageObject\",\"inLanguage\":\"it-IT\",\"@id\":\"https:\/\/tagaeditore.com\/#\/schema\/logo\/image\/\",\"url\":\"https:\/\/tagaeditore.com\/wp-content\/uploads\/2025\/01\/Favicon.png\",\"contentUrl\":\"https:\/\/tagaeditore.com\/wp-content\/uploads\/2025\/01\/Favicon.png\",\"width\":501,\"height\":501,\"caption\":\"Taga Editore\"},\"image\":{\"@id\":\"https:\/\/tagaeditore.com\/#\/schema\/logo\/image\/\"},\"sameAs\":[\"https:\/\/www.facebook.com\/profile.php?id=61572467403444\",\"https:\/\/www.instagram.com\/tagaeditore?fbclid=IwY2xjawIDJd9leHRuA2FlbQIxMAABHeE0XNRZ-j9cS5uIQZjDvKVBWbNaSyMJcp3vAuzxaX7UEVo9pnMeAVPfHQ_aem_GRfvU68EMokdrmuG7tgMrw\",\"https:\/\/www.linkedin.com\/company\/taga-editore\"]}]}<\/script>\n<!-- \/ Yoast SEO plugin. -->","yoast_head_json":{"title":"Dichiarazione di accessibilit\u00e0 - Taga Editore","robots":{"index":"noindex","follow":"nofollow"},"og_locale":"it_IT","og_type":"article","og_title":"Dichiarazione di accessibilit\u00e0 - Taga Editore","og_description":"Dichiarazione di accessibilit\u00e0 tagaeditore.com Taga Editore S.r.l. si impegna a rendere il proprio sito web accessibile, in conformit\u00e0 con le Web Content Accessibility Guidelines (WCAG) 2.1 \u2013 livello AA e tenendo conto dei principi dell\u2019European Accessibility Act (EAA), in vigore dal 28 giugno 2025. \u00a0 Ambito di applicazione La presente dichiarazione si applica al sito [&hellip;]","og_url":"https:\/\/tagaeditore.com\/?page_id=8449","og_site_name":"Taga Editore","article_publisher":"https:\/\/www.facebook.com\/profile.php?id=61572467403444","article_modified_time":"2025-06-21T08:36:08+00:00","og_image":[{"width":516,"height":258,"url":"https:\/\/tagaeditore.com\/wp-content\/uploads\/2025\/01\/Primario-color.png","type":"image\/png"}],"twitter_card":"summary_large_image","twitter_misc":{"Tempo di lettura stimato":"4 minuti"},"schema":{"@context":"https:\/\/schema.org","@graph":[{"@type":"WebPage","@id":"https:\/\/tagaeditore.com\/?page_id=8449","url":"https:\/\/tagaeditore.com\/?page_id=8449","name":"Dichiarazione di accessibilit\u00e0 - Taga Editore","isPartOf":{"@id":"https:\/\/tagaeditore.com\/#website"},"datePublished":"2025-04-24T16:53:49+00:00","dateModified":"2025-06-21T08:36:08+00:00","breadcrumb":{"@id":"https:\/\/tagaeditore.com\/?page_id=8449#breadcrumb"},"inLanguage":"it-IT","potentialAction":[{"@type":"ReadAction","target":["https:\/\/tagaeditore.com\/?page_id=8449"]}]},{"@type":"BreadcrumbList","@id":"https:\/\/tagaeditore.com\/?page_id=8449#breadcrumb","itemListElement":[{"@type":"ListItem","position":1,"name":"Home","item":"https:\/\/tagaeditore.com\/"},{"@type":"ListItem","position":2,"name":"Dichiarazione di accessibilit\u00e0"}]},{"@type":"WebSite","@id":"https:\/\/tagaeditore.com\/#website","url":"https:\/\/tagaeditore.com\/","name":"Taga Editore","description":"Dove le parole trovano il loro senso","publisher":{"@id":"https:\/\/tagaeditore.com\/#organization"},"alternateName":"Taga Editore","potentialAction":[{"@type":"SearchAction","target":{"@type":"EntryPoint","urlTemplate":"https:\/\/tagaeditore.com\/?s={search_term_string}"},"query-input":{"@type":"PropertyValueSpecification","valueRequired":true,"valueName":"search_term_string"}}],"inLanguage":"it-IT"},{"@type":"Organization","@id":"https:\/\/tagaeditore.com\/#organization","name":"Taga Editore","alternateName":"Taga Editore","url":"https:\/\/tagaeditore.com\/","logo":{"@type":"ImageObject","inLanguage":"it-IT","@id":"https:\/\/tagaeditore.com\/#\/schema\/logo\/image\/","url":"https:\/\/tagaeditore.com\/wp-content\/uploads\/2025\/01\/Favicon.png","contentUrl":"https:\/\/tagaeditore.com\/wp-content\/uploads\/2025\/01\/Favicon.png","width":501,"height":501,"caption":"Taga Editore"},"image":{"@id":"https:\/\/tagaeditore.com\/#\/schema\/logo\/image\/"},"sameAs":["https:\/\/www.facebook.com\/profile.php?id=61572467403444","https:\/\/www.instagram.com\/tagaeditore?fbclid=IwY2xjawIDJd9leHRuA2FlbQIxMAABHeE0XNRZ-j9cS5uIQZjDvKVBWbNaSyMJcp3vAuzxaX7UEVo9pnMeAVPfHQ_aem_GRfvU68EMokdrmuG7tgMrw","https:\/\/www.linkedin.com\/company\/taga-editore"]}]}},"jetpack_sharing_enabled":true,"_links":{"self":[{"href":"https:\/\/tagaeditore.com\/index.php?rest_route=\/wp\/v2\/pages\/8449","targetHints":{"allow":["GET"]}}],"collection":[{"href":"https:\/\/tagaeditore.com\/index.php?rest_route=\/wp\/v2\/pages"}],"about":[{"href":"https:\/\/tagaeditore.com\/index.php?rest_route=\/wp\/v2\/types\/page"}],"author":[{"embeddable":true,"href":"https:\/\/tagaeditore.com\/index.php?rest_route=\/wp\/v2\/users\/1"}],"replies":[{"embeddable":true,"href":"https:\/\/tagaeditore.com\/index.php?rest_route=%2Fwp%2Fv2%2Fcomments&post=8449"}],"version-history":[{"count":20,"href":"https:\/\/tagaeditore.com\/index.php?rest_route=\/wp\/v2\/pages\/8449\/revisions"}],"predecessor-version":[{"id":8895,"href":"https:\/\/tagaeditore.com\/index.php?rest_route=\/wp\/v2\/pages\/8449\/revisions\/8895"}],"wp:attachment":[{"href":"https:\/\/tagaeditore.com\/index.php?rest_route=%2Fwp%2Fv2%2Fmedia&parent=8449"}],"curies":[{"name":"wp","href":"https:\/\/api.w.org\/{rel}","templated":true}]}}